{"id":39,"date":"2015-04-02T18:07:02","date_gmt":"2015-04-02T18:07:02","guid":{"rendered":"http:\/\/fekting.bsi.no\/?page_id=39"},"modified":"2015-05-30T13:30:30","modified_gmt":"2015-05-30T13:30:30","slug":"rules-of-the-game","status":"publish","type":"page","link":"https:\/\/fekting.bsi.no\/no\/om-lacrosse\/rules-of-the-game\/","title":{"rendered":"Sportens regler"},"content":{"rendered":"<p><\/p>\n<div class=\"textLayer\">\n<div style=\"text-align: left\"><strong>Fekting<\/strong><\/div>\n<div style=\"text-align: left\"><\/div>\n<div style=\"text-align: left\"><\/div>\n<div style=\"text-align: left\">Fekting er en moderne sport, som utvikler din konsentrasjonsevne, din balanse,<img decoding=\"async\" loading=\"lazy\" id=\"irc_mi\" class=\" alignright\" src=\"https:\/\/s-media-cache-ak0.pinimg.com\/236x\/7b\/93\/17\/7b93173d0f23abed5f88d57d11d83009.jpg\" alt=\"\" width=\"236\" height=\"323\" \/><\/div>\n<div style=\"text-align: left\">dine strategiske evner, og samtidig gir det god mosjon. Moderne sportsfekting kan ut\u00f8ves p\u00e5 tre v\u00e5pen,florett, k\u00e5rde og sabel.<\/div>\n<div style=\"text-align: left\"><\/div>\n<\/div>\n<div style=\"text-align: left\"><\/div>\n<p><!--more--><\/p>\n<div class=\"textLayer\">\n<div style=\"text-align: left\">I moderne sportsfekting er det tre grener, k\u00e5rde, florett og sabel. Alle tre er basert p\u00e5 detilsvarende historiske v\u00e5pnene. K\u00e5rden er det originale duellv\u00e5penet. Florett ble brukt som etlettere treningsv\u00e5pen. Sabel var et samlebegrep for alt fra prydsabel til dragonenes huggv\u00e5pen. Det fektes internasjonalt p\u00e5 alle tre v\u00e5pen, men k\u00e5rden er den dominerende b\u00e5de n\u00e5r det gjelder<\/div>\n<div style=\"text-align: left\">antall aktive og antall deltager land i de olympiske leker. I Norge fektes det hovedsakelig k\u00e5rde, og<\/div>\n<div style=\"text-align: left\">det arrangeres kun Norgesmesterskap i denne grenen. Sporten har fektere i alle aldre, de yngste i<\/div>\n<div style=\"text-align: left\">9 \u00e5rs alderen, og den eldste p\u00e5 73 \u00e5r. S\u00e5 fekting er for begge kj\u00f8nn i alle aldre!<\/div>\n<div style=\"text-align: left\">\n<hr \/>\n<\/div>\n<div style=\"text-align: left\"><\/div>\n<\/div>\n<div style=\"text-align: left\">\n<div style=\"text-align: left\">\n<div style=\"text-align: left\"><img decoding=\"async\" loading=\"lazy\" id=\"irc_mi\" class=\" alignright\" src=\"http:\/\/www.fencingnewyork.com\/media\/catalog\/product\/cache\/1\/image\/650x\/040ec09b1e35df139433887a97daa66f\/4\/p\/4pc-standard-epee-set.jpg\" alt=\"\" width=\"221\" height=\"198\" \/><\/div>\n<\/div>\n<\/div>\n<div class=\"textLayer\">\n<div style=\"text-align: left\"><strong>Hva koster utstyret?<\/strong><\/div>\n<div style=\"text-align: left\">Komplett nytt fekteutstyr koster mellom kr 2.000 og kr 4.000. Det m\u00e5 bestilles fra England, Tyskland eller Frankrike, og kan normalt leveres i l\u00f8pet av et par uker. Det er ogs\u00e5 en del brukt utstyr i oml\u00f8p, og da blir den totale prisen mye lavere.Den viktigste, og kanskje den morsomste delen med fektingen er konkurransene. Disse arrangeres i Norge med jevne mellomrom, i Norden og Internasjonalt. Som nybegynner er kanskje konkurransen innenfor Norges grenser nok \u00e5 bryne seg p\u00e5, men etter hvert kan man utvide sin<\/div>\n<div style=\"text-align: left\">horisont. Og konkurranser finnes det forfektere i alle aldre!<\/div>\n<\/div>\n<div style=\"text-align: left\"><\/div>\n<div style=\"text-align: left\">\n<hr \/>\n<\/div>\n<div style=\"text-align: left\">\n<div id=\"pageContainer1\" class=\"page\">\n<div class=\"textLayer\">\n<div><strong>K\u00e5rde<\/strong><\/div>\n<div><\/div>\n<div>K\u00e5rdens trekantete klinge er som florettens ca. 90 cm lang. Med sin samlete vekt p\u00e5 ca 750 gram er k\u00e5rden det tyngste av de tre v\u00e5pnene. P\u00e5 samme m\u00e5te som floretten har k\u00e5rden en liten fj\u00e6rkontakt montert i spissen. Mekanisk er de to v\u00e5pnene sv\u00e6rt like. P\u00e5 k\u00e5rde m\u00e5 man st\u00f8te med en kraft p\u00e5 750 gram. Klingens <img decoding=\"async\" loading=\"lazy\" id=\"irc_mi\" class=\" alignright\" src=\"http:\/\/idealfencing.ca\/images\/Ideal%20Complete%20Standard%20Electric%20Epee%20.jpg\" alt=\"\" width=\"276\" height=\"193\" \/>trekantete form skal ha sin bakgrunn i k\u00e5rdens r\u00f8tter som duellv\u00e5pen. Klingen har en &laquo;blodrille&raquo;, som opprinnelig ble brukt til \u00e5 transportere blodet vekk fra motstanderen. I dag har den en litt fredeligere funksjon, den brukes til \u00e5 feste ledningen<\/div>\n<\/div>\n<\/div>\n<div>som g\u00e5r fra spissen til k\u00e5rd en par\u00e9rplate (sk\u00e5len). Par\u00e9rplaten til k\u00e5rden er mye st\u00f8rre en p\u00e5 florett, p\u00e5 grunn av at h\u00e5nden ogs\u00e5 er gyldig treff flate p\u00e5 k\u00e5rde. Poeng oppn\u00e5s ved \u00e5 treffe motstanderen med spissen, p\u00e5 k\u00e5rde med en kraft p\u00e5 minst 750 gram. P\u00e5 k\u00e5rde er hele kroppen gyldig treff flate. Det blir alts\u00e5 poeng enten man treffer p\u00e5 t\u00e5en, p\u00e5 underarmen eller midt i hjertet<\/div>\n<div><\/div>\n<\/div>\n<div>\n<hr \/>\n<\/div>\n<div>\n<div><\/div>\n<div><strong>Regler og historie<\/strong><\/div>\n<div><\/div>\n<div>K\u00e5rden er, som allerede sagt, det v\u00e5pen som kommer n\u00e6rmest de opprinnelige duellv\u00e5pen, b\u00e5de av utseende og m\u00e5ten det fektes p\u00e5. Det finnes ingen angrepsrett, det gjelder bare \u00e5 treffe f\u00f8rst. Det er ogs\u00e5 mulig \u00e5 treffe samtidig, og da vil begge fekterne f\u00e5 poeng ( i motsetning til p\u00e5 florett og sabel. P\u00e5 k\u00e5rde vil man legge minst like mye vekt p\u00e5 \u00e5 unng\u00e5 \u00e5 bli truffet av motstanderen som \u00e5 treffe selv, og dette medf\u00f8rer at tempoet p\u00e5 k\u00e5rde generelt er<\/div>\n<div>litt langsommere enn p\u00e5 de to andre v\u00e5pnene<\/div>\n<div><\/div>\n<\/div>\n<div>\n<hr \/>\n<\/div>\n<div><\/div>\n<div><strong>Bane<\/strong><\/div>\n<div><\/div>\n<div>\n<div>Kampen skal foreg\u00e5 p\u00e5 pisten (Pist=bane p\u00e5 fransk). Pisten er 14m lang og 1,5-2 mete<img decoding=\"async\" loading=\"lazy\" id=\"irc_mi\" class=\" alignright\" src=\"https:\/\/s-media-cache-ak0.pinimg.com\/originals\/f0\/32\/d7\/f032d7f7c06bc2e0cd7e2de2b76b88ee.jpg\" alt=\"\" width=\"280\" height=\"200\" \/>r bred.<\/div>\n<div>\n<p>Meldeapparat: Registrerer n\u00e5r fekterne treffer hverandre. Pisten best\u00e5r av midtlinje, en gard linje, varsellinje, baklinje, sidelinje og sikkerhetssone. Fekterne vet at det er to meter til baklinjen n\u00e5r de passerer varsellinjen. Rygger en fekter bak baklinjen blir kampen stoppet, og motstanderen vinner et poeng. Hvis en fekter g\u00e5r over sidelinjen, blir kampen stoppet, og motstanderen vinneren meter (g\u00e5r fram en meter). Sikkerhetssone:<\/p>\n<div>Av hensyn til fekternes sikkerhet skal det v\u00e6re minst to meter fri bane etter baklinjen.<\/div>\n<div><\/div>\n<\/div>\n<\/div>\n<div>\n<hr \/>\n<\/div>\n<div>\n<div><\/div>\n<div><strong>Kamp<\/strong><\/div>\n<div><\/div>\n<div>I konkurransens innledende runder fektes det 5 st\u00f8ts kamper (f\u00f8rst til fem) eller tre minutter effektiv tid. Ved uavgjort fektes det ytterligere et minutt &laquo;sudden death&raquo;. I cuprundene og finalene fektes det 15 st\u00f8ts kamper over 3&#215;3<img decoding=\"async\" loading=\"lazy\" id=\"irc_mi\" class=\" alignright\" src=\"http:\/\/cdn6.wn.com\/ph\/img\/76\/fc\/7bc91a82bc35fa5ded196e52d8a9-grande.jpg\" alt=\"\" width=\"261\" height=\"136\" \/> minutter, med et minutts pause mellom hver omgang. Kampene ledes av en dommer, som ved siden av \u00e5 avgj\u00f8re hvem som skal ha poeng, og holde tellingen p\u00e5 poengene, ogs\u00e5 skal p\u00e5se at fekterne f\u00f8lger reglementet. Felles for alle tre v\u00e5pen er at det er dommerens oppgave \u00e5 s\u00f8rge for at fekterne overholder FIE&#8217;s (Federation Internationale d&#8217;Escrime det internasjonale fekteforbundet) regler, blant annet de klassiske fair play regler. Blant disse reglene kan vi nevne: Hilse p\u00e5 dommer og motstander b\u00e5de f\u00f8r og etter kamp. Alle voldsomme, hevngjerrige og ukontrollerte aksjoner er forbudt.<\/div>\n<\/div>\n<p><\/p>","protected":false},"excerpt":{"rendered":"<p>Fekting Fekting er en moderne sport, som utvikler din konsentrasjonsevne, din balanse, dine strategiske evner, og samtidig gir det god mosjon. Moderne sportsfekting kan ut\u00f8ves p\u00e5 tre v\u00e5pen,florett, k\u00e5rde og sabel.<\/p>\n","protected":false},"author":1,"featured_media":0,"parent":36,"menu_order":0,"comment_status":"closed","ping_status":"open","template":"","meta":[],"_links":{"self":[{"href":"https:\/\/fekting.bsi.no\/no\/wp-json\/wp\/v2\/pages\/39"}],"collection":[{"href":"https:\/\/fekting.bsi.no\/no\/wp-json\/wp\/v2\/pages"}],"about":[{"href":"https:\/\/fekting.bsi.no\/no\/wp-json\/wp\/v2\/types\/page"}],"author":[{"embeddable":true,"href":"https:\/\/fekting.bsi.no\/no\/wp-json\/wp\/v2\/users\/1"}],"replies":[{"embeddable":true,"href":"https:\/\/fekting.bsi.no\/no\/wp-json\/wp\/v2\/comments?post=39"}],"version-history":[{"count":7,"href":"https:\/\/fekting.bsi.no\/no\/wp-json\/wp\/v2\/pages\/39\/revisions"}],"predecessor-version":[{"id":180,"href":"https:\/\/fekting.bsi.no\/no\/wp-json\/wp\/v2\/pages\/39\/revisions\/180"}],"up":[{"embeddable":true,"href":"https:\/\/fekting.bsi.no\/no\/wp-json\/wp\/v2\/pages\/36"}],"wp:attachment":[{"href":"https:\/\/fekting.bsi.no\/no\/wp-json\/wp\/v2\/media?parent=39"}],"curies":[{"name":"wp","href":"https:\/\/api.w.org\/{rel}","templated":true}]}}