{"id":370,"date":"2020-09-07T11:21:23","date_gmt":"2020-09-07T11:21:23","guid":{"rendered":"https:\/\/fekting.bsi.no\/?page_id=370"},"modified":"2023-01-23T19:52:01","modified_gmt":"2023-01-23T19:52:01","slug":"nyttig-info","status":"publish","type":"page","link":"https:\/\/fekting.bsi.no\/no\/nyttig-info\/","title":{"rendered":"Nyttig Info"},"content":{"rendered":"<p><\/p>\n<h2><strong>Treningstider<\/strong><\/h2>\n<p style=\"text-align: left\"><strong>Mandag<\/strong><\/p>\n<p style=\"text-align: left\">18.00 til 20.30 i sal 1<\/p>\n<p style=\"text-align: left\"><strong>Fredag<\/strong><\/p>\n<p style=\"text-align: left\">16.30 til 19.00 i sal 4<\/p>\n<p style=\"text-align: left\"><em>Alle treningene er p\u00e5 studentsenteret i Bergen. For adgang trenger du Sammen medlemskap, og for \u00e5 trene med oss m\u00e5 du betale klubbmedlemskap til BSI fekting.<\/em><\/p>\n<p><\/p>\n<p><\/p>\n<p>&nbsp;<\/p>\n<h2><strong>Medlemskontingent<\/strong><\/h2>\n<p>Om du \u00f8nsker \u00e5 melde deg inn i BSI fekting er det bare \u00e5 komme p\u00e5 trening.<br \/>\nNybegynnere f\u00e5r pr\u00f8ve fekting i to uker f\u00f8r de m\u00e5 betale kontingent. Etter det m\u00e5 nye og gamle betale medlemskontingent og fektelisens*.<\/p>\n<p>Kontigent 1 semester:<strong> 350kr<br \/>\n<\/strong>eller<br \/>\nKontigent 1 \u00e5r:<strong> 600kr<br \/>\n<\/strong>+ Fektelisens kalender\u00e5r: <strong>150kr<\/strong><\/p>\n<p>Betal til konto:\u00a0 <strong>3624.50.20672<\/strong><br \/>\nMerk betalingen med Navn, semester\/\u00e5r og student\/ikke student<\/p>\n<p>* I tillegg til dette m\u00e5 alle v\u00e6re medlem av Sammen (<a href=\"https:\/\/www.sammen.no\/no\/bergen\/trening\/priser\">https:\/\/www.sammen.no\/no\/bergen\/trening\/priser<\/a>) for \u00e5 f\u00e5 tilgang til treningslokalene.<br \/>\nMedlemskapet i Sammen er ikke knyttet til fekteklubben og dette m\u00e5 alle ha fra f\u00f8rste dag, eller betale engangs inngang.<\/p>\n<p><\/p>","protected":false},"excerpt":{"rendered":"<p>Treningstider Mandag 18.00 til 20.30 i sal 1 Fredag 16.30 til 19.00 i sal 4 Alle treningene er p\u00e5 studentsenteret i Bergen. For adgang trenger du Sammen medlemskap, og for \u00e5 trene med oss m\u00e5 du betale klubbmedlemskap til BSI fekting. &nbsp; Medlemskontingent Om du \u00f8nsker \u00e5 melde deg inn i BSI fekting er det bare \u00e5 komme p\u00e5 trening. Nybegynnere f\u00e5r pr\u00f8ve fekting i to uker f\u00f8r de m\u00e5 betale kontingent. Etter det m\u00e5 nye og gamle betale medlemskontingent&#8230;<\/p>\n<p class=\"read-more\"><a class=\"btn btn-default\" href=\"https:\/\/fekting.bsi.no\/no\/nyttig-info\/\">Les mer<span class=\"screen-reader-text\"> Les mer<\/span><\/a><\/p>\n","protected":false},"author":18,"featured_media":0,"parent":0,"menu_order":0,"comment_status":"closed","ping_status":"closed","template":"","meta":[],"_links":{"self":[{"href":"https:\/\/fekting.bsi.no\/no\/wp-json\/wp\/v2\/pages\/370"}],"collection":[{"href":"https:\/\/fekting.bsi.no\/no\/wp-json\/wp\/v2\/pages"}],"about":[{"href":"https:\/\/fekting.bsi.no\/no\/wp-json\/wp\/v2\/types\/page"}],"author":[{"embeddable":true,"href":"https:\/\/fekting.bsi.no\/no\/wp-json\/wp\/v2\/users\/18"}],"replies":[{"embeddable":true,"href":"https:\/\/fekting.bsi.no\/no\/wp-json\/wp\/v2\/comments?post=370"}],"version-history":[{"count":24,"href":"https:\/\/fekting.bsi.no\/no\/wp-json\/wp\/v2\/pages\/370\/revisions"}],"predecessor-version":[{"id":411,"href":"https:\/\/fekting.bsi.no\/no\/wp-json\/wp\/v2\/pages\/370\/revisions\/411"}],"wp:attachment":[{"href":"https:\/\/fekting.bsi.no\/no\/wp-json\/wp\/v2\/media?parent=370"}],"curies":[{"name":"wp","href":"https:\/\/api.w.org\/{rel}","templated":true}]}}