{"id":36,"date":"2015-04-02T15:06:50","date_gmt":"2015-04-02T15:06:50","guid":{"rendered":"http:\/\/fekting.bsi.no\/?page_id=36"},"modified":"2023-01-23T20:22:55","modified_gmt":"2023-01-23T20:22:55","slug":"om-lacrosse","status":"publish","type":"page","link":"https:\/\/fekting.bsi.no\/no\/om-lacrosse\/","title":{"rendered":"Om BSI fekting"},"content":{"rendered":"<p><strong>Velkommen\u00a0til BSI Fekting<\/strong><\/p>\n<p>Fekting er en spennende og fartsfylt sport. Du har kanskje sett bilder av mennesker i hvite drakter med masker p\u00e5 hodet? Det er slik vi driver med i BSI. V\u00e5r fekteklubb er en rimelig liten gjeng (ca. 20-30 medlemmer), men vi er aktive og sosiale. Vi holder til p\u00e5 studentsenteret midt p\u00e5 h\u00f8yden, og har alt som trengs av utstyr. Vi har muligheten til \u00e5 trene tre ganger i uken. Vi har nybegynnerkurs hvert semester, bli med!<\/p>\n<p><strong>Begynne \u00e5 fekte?<\/strong><\/p>\n<p>Vi tar imot fektere p\u00e5 alle niv\u00e5er. Har du fektet f\u00f8r og \u00f8nsker \u00e5 komme inn et nytt og spennende studentmilj\u00f8 er det bare \u00e5 dukke opp p\u00e5 en av v\u00e5re treninger.<\/p>\n<p>For nybegynnere holder vi et kurs i starten av v\u00e6rt semester som strekker seg utover en del uker, normalt med et eget nybegynnerstevne p\u00e5 slutten av perioden som markere slutten p\u00e5 nybegynnerkurset. Alle nybegynnere har muligheten til \u00e5 pr\u00f8ve ut to uker med fekting f\u00f8r kontigenten m\u00e5 betales.<\/p>\n<p>For nybegynnerne stiller klubben med alt utstyr. Man trenger kun \u00e5 dukke opp i treningskl\u00e6r (NB! lang bukse) og treningssko. For mer informasjon om nybegynnerkursene etc. Send gjerne en mail med alle dine spm. Du finner oss ogs\u00e5 p\u00e5 facebook i gruppa &laquo;bsifekting&raquo;, meld deg inn!<\/p>\n<p><strong>Treningstider<\/strong><\/p>\n<p>Vi har treninger to ganger i uken. Alle treninger er p\u00e5 studentsenteret, i den store hallen.<\/p>\n<p>Mandager kl.18:00-20:30 sal 1<\/p>\n<p>Torsdager kl.18:00-19:30 sal 4<\/p>","protected":false},"excerpt":{"rendered":"<p>Velkommen\u00a0til BSI Fekting Fekting er en spennende og fartsfylt sport. Du har kanskje sett bilder av mennesker i hvite drakter med masker p\u00e5 hodet? Det er slik vi driver med i BSI. V\u00e5r fekteklubb er en rimelig liten gjeng (ca. 20-30 medlemmer), men vi er aktive og sosiale. Vi holder til p\u00e5 studentsenteret midt p\u00e5 h\u00f8yden, og har alt som trengs av utstyr. Vi har muligheten til \u00e5 trene tre ganger i uken. Vi har nybegynnerkurs hvert semester, bli med!&#8230;<\/p>\n<p class=\"read-more\"><a class=\"btn btn-default\" href=\"https:\/\/fekting.bsi.no\/no\/om-lacrosse\/\">Les mer<span class=\"screen-reader-text\"> Les mer<\/span><\/a><\/p>\n","protected":false},"author":1,"featured_media":0,"parent":0,"menu_order":0,"comment_status":"closed","ping_status":"open","template":"","meta":[],"_links":{"self":[{"href":"https:\/\/fekting.bsi.no\/no\/wp-json\/wp\/v2\/pages\/36"}],"collection":[{"href":"https:\/\/fekting.bsi.no\/no\/wp-json\/wp\/v2\/pages"}],"about":[{"href":"https:\/\/fekting.bsi.no\/no\/wp-json\/wp\/v2\/types\/page"}],"author":[{"embeddable":true,"href":"https:\/\/fekting.bsi.no\/no\/wp-json\/wp\/v2\/users\/1"}],"replies":[{"embeddable":true,"href":"https:\/\/fekting.bsi.no\/no\/wp-json\/wp\/v2\/comments?post=36"}],"version-history":[{"count":14,"href":"https:\/\/fekting.bsi.no\/no\/wp-json\/wp\/v2\/pages\/36\/revisions"}],"predecessor-version":[{"id":432,"href":"https:\/\/fekting.bsi.no\/no\/wp-json\/wp\/v2\/pages\/36\/revisions\/432"}],"wp:attachment":[{"href":"https:\/\/fekting.bsi.no\/no\/wp-json\/wp\/v2\/media?parent=36"}],"curies":[{"name":"wp","href":"https:\/\/api.w.org\/{rel}","templated":true}]}}